{"id":3,"date":"2024-04-08T15:35:56","date_gmt":"2024-04-08T15:35:56","guid":{"rendered":"http:\/\/test.isipools.com\/?page_id=3"},"modified":"2024-07-29T14:36:28","modified_gmt":"2024-07-29T12:36:28","slug":"privacy-cookie-policy","status":"publish","type":"page","link":"https:\/\/isipools.com\/fr\/privacy-cookie-policy\/","title":{"rendered":"Politique de confidentialit\u00e9 et de cookies"},"content":{"rendered":"<div data-elementor-type=\"wp-page\" data-elementor-id=\"3\" class=\"elementor elementor-3\" data-elementor-post-type=\"page\">\n\t\t\t\t<div class=\"elementor-element elementor-element-567ab01d e-flex e-con-boxed e-con e-parent\" data-id=\"567ab01d\" data-element_type=\"container\" data-settings=\"{&quot;jet_parallax_layout_list&quot;:[]}\">\n\t\t\t\t\t<div class=\"e-con-inner\">\n\t\t\t\t<div class=\"elementor-element elementor-element-6a72fc01 elementor-widget elementor-widget-text-editor\" data-id=\"6a72fc01\" data-element_type=\"widget\" data-widget_type=\"text-editor.default\">\n\t\t\t\t<div class=\"elementor-widget-container\">\n\t\t\t\t\t\t\t\t\t\n<h3 class=\"wp-block-heading\">\u00a0<\/h3>\n\n<h1 class=\"wp-block-heading has-text-align-left\">politique de confidentialit\u00e9<\/h1>\n\n<p><strong>Derni\u00e8re mise \u00e0 jour le 29 juillet 2024<\/strong><br \/><strong>Date d&#039;entr\u00e9e en vigueur 29 juillet 2024<\/strong><\/p>\n\n<p>Cette politique de confidentialit\u00e9 d\u00e9crit les politiques d&#039;Industrial Services Italia srl, Viale del Lavoro 8, Arbizzano di Negrar (VR), VR 37024, Italie, email : info@isipools.com, t\u00e9l\u00e9phone : +39 045 6850007 sur la collecte, l&#039;utilisation et la divulgation. de vos informations que nous collectons lorsque vous utilisez notre site Web ( https:\/\/isipools.com ). (le service&quot;). En acc\u00e9dant ou en utilisant le Service, vous consentez \u00e0 la collecte, \u00e0 l&#039;utilisation et \u00e0 la divulgation de vos informations conform\u00e9ment \u00e0 la pr\u00e9sente Politique de confidentialit\u00e9. Si vous n\u2019y consentez pas, veuillez ne pas acc\u00e9der ni utiliser le Service.<\/p>\n\n<p>Nous pouvons modifier cette politique de confidentialit\u00e9 \u00e0 tout moment sans pr\u00e9avis et publierons la politique de confidentialit\u00e9 r\u00e9vis\u00e9e sur le service. La politique r\u00e9vis\u00e9e entrera en vigueur 180 jours \u00e0 compter de la date \u00e0 laquelle la politique r\u00e9vis\u00e9e sera publi\u00e9e dans le service et votre acc\u00e8s continu ou votre utilisation du service apr\u00e8s cette p\u00e9riode constituera votre acceptation de la politique de confidentialit\u00e9 r\u00e9vis\u00e9e. Nous vous recommandons donc de consulter p\u00e9riodiquement cette page.<\/p>\n\n<ol class=\"wp-block-list\">\n<li><strong>INFORMATIONS QUE NOUS COLLECTONS\u00a0:<\/strong><br \/>Nous collecterons et traiterons les informations personnelles suivantes vous concernant :\n<ol class=\"wp-block-list\">\n<li>Nom<\/li>\n\n<li>E-mail<\/li>\n\n<li>Mobile<\/li>\n\n<li>Donn\u00e9es Di nascita<\/li>\n\n<li>Adresse<\/li>\n\n<li>Adresse professionnelle<\/li>\n\n<li>Information de paiement<\/li>\n<\/ol>\n<\/li>\n\n<li><strong>COMMENT NOUS UTILISONS VOS INFORMATIONS\u00a0:<\/strong><br \/>Nous utiliserons les informations que nous collectons \u00e0 votre sujet aux fins suivantes :\n<ol>\n<li>Marketing\/PromotionnelT\u00e9moignagesCollecte de commentaires clientsSupportInformations d&#039;administrationPublicit\u00e9 cibl\u00e9eProtection du siteCommentaires d&#039;utilisateur \u00e0 utilisateurR\u00e9solution des litiges<\/li>\n<\/ol>\nSi nous souhaitons utiliser vos informations \u00e0 d&#039;autres fins, nous vous demanderons votre consentement et n&#039;utiliserons vos informations qu&#039;apr\u00e8s avoir re\u00e7u votre consentement et ensuite, uniquement aux fins pour lesquelles nous accordons votre consentement, sauf si nous sommes tenus de faire autrement par loi.<\/li>\n\n<li><strong>COMMENT NOUS PARTAGEONS VOS INFORMATIONS\u00a0:<\/strong><br \/>Nous ne transf\u00e9rerons pas vos informations personnelles \u00e0 un tiers sans demander votre consentement, sauf dans les circonstances limit\u00e9es d\u00e9crites ci-dessous\u00a0:\n<ol>\n<li>Agences de marketingEntit\u00e9s juridiquesAnalyticsCollecte et processus de donn\u00e9es<\/li>\n<\/ol>\nNous exigeons que ces tiers utilisent les informations personnelles que nous leur transf\u00e9rons uniquement aux fins pour lesquelles elles ont \u00e9t\u00e9 transf\u00e9r\u00e9es et ne les conservent pas plus longtemps que n\u00e9cessaire pour atteindre ladite finalit\u00e9. Nous pouvons \u00e9galement divulguer vos informations personnelles pour les raisons suivantes\u00a0: (1) pour se conformer \u00e0 la loi, \u00e0 la r\u00e9glementation, \u00e0 une ordonnance du tribunal ou \u00e0 toute autre proc\u00e9dure judiciaire applicable\u00a0; (2) pour faire respecter vos accords avec nous, y compris cette politique de confidentialit\u00e9\u00a0; ou (3) pour r\u00e9pondre aux r\u00e9clamations selon lesquelles votre utilisation du Service viole les droits de tiers. Si le Service ou notre soci\u00e9t\u00e9 est fusionn\u00e9 ou acquis avec une autre soci\u00e9t\u00e9, vos informations feront partie des actifs transf\u00e9r\u00e9s au nouveau propri\u00e9taire.<\/li>\n\n<li><strong>CONSERVATION DE VOS INFORMATIONS\u00a0:<\/strong><br \/>Nous conserverons vos informations personnelles chez nous pendant 90 jours \u00e0 2 ans apr\u00e8s la r\u00e9siliation de leur compte par les utilisateurs ou aussi longtemps que nous en aurons besoin pour atteindre les objectifs pour lesquels elles ont \u00e9t\u00e9 collect\u00e9es, comme d\u00e9taill\u00e9 dans la pr\u00e9sente politique de confidentialit\u00e9. Nous pouvons avoir besoin de conserver certaines informations pendant des p\u00e9riodes plus longues, telles que la tenue de registres\/rapports conform\u00e9ment \u00e0 la loi applicable ou pour d&#039;autres raisons l\u00e9gitimes telles que l&#039;application des droits l\u00e9gaux, la pr\u00e9vention de la fraude, etc. Les informations anonymes r\u00e9siduelles et les informations globales, dont aucune ne vous identifie (directement ou indirectement), peuvent \u00eatre conserv\u00e9es ind\u00e9finiment.<\/li>\n\n<li><strong>TES DROITS:<\/strong><br \/>Selon la loi applicable, vous pouvez avoir un droit d&#039;acc\u00e8s et de rectification ou d&#039;effacement de vos donn\u00e9es personnelles ou recevoir une copie de vos donn\u00e9es personnelles, restreindre ou vous opposer au traitement actif de vos donn\u00e9es, nous demander de partager (porter) vos donn\u00e9es personnelles. informations \u00e0 une autre entit\u00e9, retirer tout consentement que vous nous avez donn\u00e9 pour traiter vos donn\u00e9es, le droit de d\u00e9poser une plainte aupr\u00e8s d&#039;une autorit\u00e9 statutaire et tout autre droit qui peut \u00eatre pertinent en vertu des lois applicables. Pour exercer ces droits, vous pouvez nous \u00e9crire \u00e0 info@isipools.com. Nous r\u00e9pondrons \u00e0 votre demande conform\u00e9ment \u00e0 la loi applicable. Vous pouvez vous d\u00e9sinscrire des communications de marketing direct ou du profilage que nous effectuons \u00e0 des fins de marketing en nous \u00e9crivant \u00e0 info@isipools.com. Notez que si vous ne nous autorisez pas pour collecter ou traiter les informations personnelles requises ou retirer le consentement \u00e0 leur traitement aux fins requises, vous ne pourrez peut-\u00eatre pas acc\u00e9der ou utiliser les services pour lesquels vos informations ont \u00e9t\u00e9 recherch\u00e9es.<\/li>\n\n<li><strong>COOKIES, ETC.<\/strong><br \/>Pour en savoir plus sur la fa\u00e7on dont nous les utilisons et sur vos choix concernant ces technologies de suivi, veuillez vous r\u00e9f\u00e9rer \u00e0 notre\u00a0<a href=\"https:\/\/isipools.com\/fr\/privacy-cookie-policy\/\">Politique en mati\u00e8re de cookies.<\/a><\/li>\n\n<li><strong>S\u00c9CURIT\u00c9:<\/strong><br \/>La s\u00e9curit\u00e9 de vos informations est importante pour nous et nous utiliserons des mesures de s\u00e9curit\u00e9 raisonnables pour emp\u00eacher la perte, l&#039;utilisation abusive ou la modification non autoris\u00e9e de vos informations sous notre contr\u00f4le. Cependant, compte tenu des risques inh\u00e9rents, nous ne pouvons garantir une s\u00e9curit\u00e9 absolue et, par cons\u00e9quent, nous ne pouvons assurer ou garantir la s\u00e9curit\u00e9 des informations que vous nous transmettez et vous le faites \u00e0 vos propres risques.<\/li>\n\n<li><strong>RESPONSABLE DES GRIEFS\/PROTECTION DES DONN\u00c9ES\u00a0:<\/strong><br \/>Si vous avez des questions ou des pr\u00e9occupations concernant le traitement de vos informations disponibles chez nous, vous pouvez envoyer un e-mail \u00e0 notre responsable des r\u00e9clamations chez Industrial Services Italia srl, Viale del Lavoro 8, Arbizzano di Negrar (VR), e-mail\u00a0: info@isipools.com . Nous r\u00e9pondrons \u00e0 vos pr\u00e9occupations conform\u00e9ment \u00e0 la loi applicable.<\/li>\n<\/ol>\n\n<p>\u00a0<\/p>\n\n<p>\u00a0<\/p>\n\n<p>\u00a0<\/p>\n\n<p><style>\n    a.cky-banner-element {\n        padding: 8px 30px;\n        background: #F8F9FA;\n        color: #858A8F;\n        border: 1px solid #DEE2E6;\n        box-sizing: border-box;\n        border-radius: 2px;\n        cursor: pointer;\n}\n<\/style><\/p>\n<h1 class=\"cookie-policy-h1\">Politique en mati\u00e8re de cookies<\/h1>\n<p>Date d&#039;entr\u00e9e en vigueur\u00a0: 29 juillet 2024 <br \/>Derni\u00e8re mise \u00e0 jour\u00a0: 29 juillet 2024<\/p>\n<p>\u00a0<\/p>\n<h5>Que sont les cookies ?<\/h5>\n<div class=\"cookie-policy-p\">\n<p>Cette politique en mati\u00e8re de cookies explique ce que sont les cookies et comment nous les utilisons, les types de cookies que nous utilisons, c&#039;est-\u00e0-dire les informations que nous collectons \u00e0 l&#039;aide des cookies et comment ces informations sont utilis\u00e9es, et comment g\u00e9rer les param\u00e8tres des cookies.<\/p>\n<p>Les cookies sont de petits fichiers texte utilis\u00e9s pour stocker de petites informations. Ils sont stock\u00e9s sur votre appareil lorsque le site Internet est charg\u00e9 sur votre navigateur. Ces cookies nous aident \u00e0 faire fonctionner le site Web correctement, \u00e0 le rendre plus s\u00e9curis\u00e9, \u00e0 offrir une meilleure exp\u00e9rience utilisateur, \u00e0 comprendre les performances du site Web et \u00e0 analyser ce qui fonctionne et o\u00f9 il doit \u00eatre am\u00e9lior\u00e9.<\/p>\n<\/div>\n<p>\u00a0<\/p>\n<h5>Comment utilisons-nous les cookies ?<\/h5>\n<div class=\"cookie-policy-p\">\n<p>Comme la plupart des services en ligne, notre site Web utilise des cookies propri\u00e9taires et tiers \u00e0 plusieurs fins. Les cookies de premi\u00e8re partie sont pour la plupart n\u00e9cessaires au bon fonctionnement du site Web et ils ne collectent aucune de vos donn\u00e9es personnelles identifiables.<\/p>\n<p>Les cookies tiers utilis\u00e9s sur notre site Web servent principalement \u00e0 comprendre les performances du site Web, la fa\u00e7on dont vous interagissez avec notre site Web, \u00e0 assurer la s\u00e9curit\u00e9 de nos services, \u00e0 fournir des publicit\u00e9s qui vous int\u00e9ressent et, dans l&#039;ensemble, \u00e0 vous offrir un utilisateur meilleur et am\u00e9lior\u00e9. exp\u00e9rience et vous aider \u00e0 acc\u00e9l\u00e9rer vos futures interactions avec notre site Web.<\/p>\n<\/div>\n<p>\u00a0<\/p>\n<h5>Types de cookies que nous utilisons<\/h5>\n<div class=\"cky-audit-table-element\">\u00a0<\/div>\n<p>\u00a0<\/p>\n<h5 style=\"margin-bottom: 20px;\">G\u00e9rer les pr\u00e9f\u00e9rences en mati\u00e8re de cookies<\/h5>\n<p><a class=\"cky-banner-element\">Param\u00e8tres des cookies<\/a> <\/p>\n<div>\n<p>Vous pouvez modifier vos pr\u00e9f\u00e9rences en mati\u00e8re de cookies \u00e0 tout moment en cliquant sur le bouton ci-dessus. Cela vous permettra de revoir la banni\u00e8re de consentement aux cookies et de modifier vos pr\u00e9f\u00e9rences ou de retirer votre consentement imm\u00e9diatement.<\/p>\n<p>En plus de cela, diff\u00e9rents navigateurs proposent diff\u00e9rentes m\u00e9thodes pour bloquer et supprimer les cookies utilis\u00e9s par les sites Web. Vous pouvez modifier les param\u00e8tres de votre navigateur pour bloquer\/supprimer les cookies. Vous trouverez ci-dessous les liens vers les documents d&#039;assistance sur la fa\u00e7on de g\u00e9rer et de supprimer les cookies des principaux navigateurs Web.<\/p>\n<p>Chrome: <a href=\"https:\/\/support.google.com\/accounts\/answer\/32050\" target=\"_blank\" rel=\"noopener\">https:\/\/support.google.com\/accounts\/answer\/32050<\/a><\/p>\n<p>Safari: <a href=\"https:\/\/support.apple.com\/en-in\/guide\/safari\/sfri11471\/mac\" target=\"_blank\" rel=\"noopener\">https:\/\/support.apple.com\/en-in\/guide\/safari\/sfri11471\/mac<\/a><\/p>\n<p>Firefox\u00a0: <a href=\"https:\/\/support.mozilla.org\/en-US\/kb\/clear-cookies-and-site-data-firefox?redirectslug=delete-cookies-remove-info-websites-stored&amp;redirectlocale=en-US\" target=\"_blank\" rel=\"noopener\">https:\/\/support.mozilla.org\/en-US\/kb\/clear-cookies-and-site-data-firefox?redirectslug=delete-cookies-remove-info-websites-stored&amp;redirectlocale=en-US<\/a><\/p>\n<p>Internet Explorer: <a href=\"https:\/\/support.microsoft.com\/en-us\/topic\/how-to-delete-cookie-files-in-internet-explorer-bca9446f-d873-78de-77ba-d42645fa52fc\" target=\"_blank\" rel=\"noopener\">https:\/\/support.microsoft.com\/en-us\/topic\/how-to-delete-cookie-files-in-internet-explorer-bca9446f-d873-78de-77ba-d42645fa52fc<\/a><\/p>\n<p>Si vous utilisez un autre navigateur Web, veuillez consulter les documents d&#039;assistance officiels de votre navigateur.<\/p>\n<\/div>\n\n<p>\u00a0<\/p>\n\t\t\t\t\t\t\t\t<\/div>\n\t\t\t\t<\/div>\n\t\t\t\t\t<\/div>\n\t\t\t\t<\/div>\n\t\t\t\t<\/div>","protected":false},"excerpt":{"rendered":"<p>\u00a0 Politique de confidentialit\u00e9 Derni\u00e8re mise \u00e0 jour le 29-juillet-2024Date d&#039;entr\u00e9e en vigueur 29-juillet-2024 Cette politique de confidentialit\u00e9 d\u00e9crit les politiques d&#039;Industrial Services Italia srl, Viale del Lavoro 8, Arbizzano di Negrar (VR), VR 37024, Italie, e-mail : info@isipools.com, t\u00e9l\u00e9phone : +39 045 6850007 sur la collecte, l&#039;utilisation et la divulgation de vos informations que nous collectons lorsque vous utilisez notre site Web ( [\u2026]<\/p>","protected":false},"author":1,"featured_media":0,"parent":0,"menu_order":0,"comment_status":"closed","ping_status":"closed","template":"","meta":{"footnotes":""},"class_list":["post-3","page","type-page","status-publish","hentry"],"_links":{"self":[{"href":"https:\/\/isipools.com\/fr\/wp-json\/wp\/v2\/pages\/3"}],"collection":[{"href":"https:\/\/isipools.com\/fr\/wp-json\/wp\/v2\/pages"}],"about":[{"href":"https:\/\/isipools.com\/fr\/wp-json\/wp\/v2\/types\/page"}],"author":[{"embeddable":true,"href":"https:\/\/isipools.com\/fr\/wp-json\/wp\/v2\/users\/1"}],"replies":[{"embeddable":true,"href":"https:\/\/isipools.com\/fr\/wp-json\/wp\/v2\/comments?post=3"}],"version-history":[{"count":0,"href":"https:\/\/isipools.com\/fr\/wp-json\/wp\/v2\/pages\/3\/revisions"}],"wp:attachment":[{"href":"https:\/\/isipools.com\/fr\/wp-json\/wp\/v2\/media?parent=3"}],"curies":[{"name":"wp","href":"https:\/\/api.w.org\/{rel}","templated":true}]}}